{"id":411,"date":"2017-04-09T20:22:43","date_gmt":"2017-04-09T20:22:43","guid":{"rendered":"http:\/\/ideascv.com\/?page_id=411"},"modified":"2019-03-18T23:44:27","modified_gmt":"2019-03-18T23:44:27","slug":"storytelling-in-your-resume","status":"publish","type":"page","link":"https:\/\/ideascv.com\/fr\/storytelling-in-your-resume\/","title":{"rendered":"Storytelling dans votre CV"},"content":{"rendered":"\n<p>Peu importe si vous postulez \u00e0 un poste de d\u00e9butant avec seulement une exp\u00e9rience de travail en \u00e9t\u00e9, ou si vous souhaitez passer du niveau d\u00e9butant au niveau sup\u00e9rieur, ou m\u00eame si vous aspirez \u00e0 devenir le \u00abgrand patron\u00bb d&#8217;une organisation. N&#8217;oubliez pas que vos qualifications serviront simplement de base pour le poste et que la plupart des candidats auront les m\u00eames comp\u00e9tences ou des comp\u00e9tences similaires \u00e0 celles que vous avez. Et les recruteurs re\u00e7oivent g\u00e9n\u00e9ralement des centaines de CV; votre histoire doit donc se d\u00e9marquer, non seulement en termes de conception et d&#8217;expertise, mais \u00e9galement dans la mani\u00e8re de la raconter. Traitons donc ton CV comme &#8220;le voyage du h\u00e9ros&#8221;.<\/p>\n\n\n\n<p>En narratologie, la plupart des contes ont le m\u00eame mod\u00e8le: <strong>un h\u00e9ros qui part \u00e0 l&#8217;aventure et qui remporte une victoire dans une crise d\u00e9cisive, puis revient chez lui transform\u00e9 ou transform\u00e9.<\/strong><\/p>\n\n\n\n<p>C&#8217;est ce que votre CV doit montrer \u00e0 votre sujet. Parlez de vos d\u00e9fis pass\u00e9s pour tenter de convaincre votre recruteur que vous \u00eates le h\u00e9ros dont il a besoin pour relever de nouveaux d\u00e9fis.<\/p>\n\n\n\n<p>\u00c9videmment, vous ne pouvez pas \u00e9crire un roman dans votre cv, vous devriez le garder le plus court possible, mais essayez de suivre ce sch\u00e9ma lorsque vous d\u00e9crivez ce que vous avez fait dans les emplois pr\u00e9c\u00e9dents, les postes de b\u00e9n\u00e9vole ou les projets parall\u00e8les pouvant d\u00e9crire quel type de personne. vous \u00eates:<\/p>\n\n\n\n<ol class=\"wp-block-list\"><li><strong>D\u00e9part<\/strong>: Expliquez le d\u00e9fi et pourquoi vous l\u2019avez relev\u00e9. <\/li><li><strong>Initiation<\/strong>: Quelles difficult\u00e9s avez-vous rencontr\u00e9es sur votre chemin et comment vous les avez r\u00e9solues? <\/li><li><strong>Retour<\/strong>: ce que vous avez et quelles comp\u00e9tences vous avez d\u00e9velopp\u00e9es.<\/li><\/ol>\n\n\n\n<p>Nous aimons tous les histoires, mais faites attention quand il s&#8217;agit de les rendre plus spectaculaires. Il est important de souligner vos r\u00e9alisations, mais personne n&#8217;aime les fanfarons, les menteurs et les trompeurs. Soyez honn\u00eate lorsque vous avez \u00e9chou\u00e9 (nous \u00e9chouons tous finalement), les recruteurs appr\u00e9cient les personnes capables d&#8217;apprendre de leurs erreurs. Les h\u00e9ros \u00e9chouent \u00e9galement au milieu de leurs histoires, mais finalement ils r\u00e9cup\u00e8rent de leurs limites et obtiennent les meilleurs r\u00e9sultats. C\u2019est ce que votre CV devrait vous dire.<\/p>\n","protected":false},"excerpt":{"rendered":"<p>Peu importe si vous postulez \u00e0 un poste de d\u00e9butant avec seulement une exp\u00e9rience de travail en \u00e9t\u00e9, ou si vous souhaitez passer du niveau d\u00e9butant au niveau sup\u00e9rieur, ou m\u00eame si vous aspirez \u00e0 devenir le \u00abgrand patron\u00bb d&#8217;une organisation. N&#8217;oubliez pas que vos qualifications serviront simplement de base pour le poste et que [&hellip;]<\/p>\n","protected":false},"author":1,"featured_media":418,"parent":0,"menu_order":0,"comment_status":"closed","ping_status":"closed","template":"","meta":{"footnotes":""},"class_list":["post-411","page","type-page","status-publish","has-post-thumbnail","hentry"],"translation":{"provider":"WPGlobus","version":"3.0.0","language":"fr","enabled_languages":["en","es","fr","zh","de"],"languages":{"en":{"title":true,"content":true,"excerpt":false},"es":{"title":true,"content":true,"excerpt":false},"fr":{"title":true,"content":true,"excerpt":false},"zh":{"title":false,"content":false,"excerpt":false},"de":{"title":false,"content":false,"excerpt":false}}},"_links":{"self":[{"href":"https:\/\/ideascv.com\/fr\/wp-json\/wp\/v2\/pages\/411","targetHints":{"allow":["GET"]}}],"collection":[{"href":"https:\/\/ideascv.com\/fr\/wp-json\/wp\/v2\/pages"}],"about":[{"href":"https:\/\/ideascv.com\/fr\/wp-json\/wp\/v2\/types\/page"}],"author":[{"embeddable":true,"href":"https:\/\/ideascv.com\/fr\/wp-json\/wp\/v2\/users\/1"}],"replies":[{"embeddable":true,"href":"https:\/\/ideascv.com\/fr\/wp-json\/wp\/v2\/comments?post=411"}],"version-history":[{"count":10,"href":"https:\/\/ideascv.com\/fr\/wp-json\/wp\/v2\/pages\/411\/revisions"}],"predecessor-version":[{"id":884,"href":"https:\/\/ideascv.com\/fr\/wp-json\/wp\/v2\/pages\/411\/revisions\/884"}],"wp:featuredmedia":[{"embeddable":true,"href":"https:\/\/ideascv.com\/fr\/wp-json\/wp\/v2\/media\/418"}],"wp:attachment":[{"href":"https:\/\/ideascv.com\/fr\/wp-json\/wp\/v2\/media?parent=411"}],"curies":[{"name":"wp","href":"https:\/\/api.w.org\/{rel}","templated":true}]}}