{"id":101,"date":"2017-03-25T16:54:05","date_gmt":"2017-03-25T16:54:05","guid":{"rendered":"http:\/\/cv-templates.itakora.com\/?page_id=101"},"modified":"2019-03-18T23:56:18","modified_gmt":"2019-03-18T23:56:18","slug":"use-a-fancy-font-in-your-cv-to-stand-out","status":"publish","type":"page","link":"https:\/\/ideascv.com\/fr\/use-a-fancy-font-in-your-cv-to-stand-out\/","title":{"rendered":"Utilisez une belle typographie dans votre cv pour vous d\u00e9marquer"},"content":{"rendered":"\n<p>Les mod\u00e8les que vous pouvez trouver sur ce site Web utilisent des polices qui ne sont g\u00e9n\u00e9ralement pas install\u00e9es sur tous les ordinateurs afin de rendre les curriculum vitae plus int\u00e9ressants visuellement. Dans chaque mise en page, vous trouverez le lien pour t\u00e9l\u00e9charger les typographies, afin que vous puissiez obtenir le m\u00eame design que celui propos\u00e9 par le mod\u00e8le. Si vous souhaitez utiliser une autre famille de polices, n&#8217;h\u00e9sitez pas \u00e0 en essayer autant que vous le souhaitez, mais n&#8217;oubliez pas qu&#8217;elle doit \u00eatre lisible et avoir un aspect professionnel.<\/p>\n\n\n\n<p>Pour rassembler l&#8217;inspiration des polices, nous vous recommandons Google Fonts, une collection de typographies de qualit\u00e9 que vous pouvez utiliser gratuitement dans vos projets, mais il existe d&#8217;innombrables collections sur le Web. Dans la page d&#8217;accueil, vous pouvez filtrer les familles affich\u00e9es en fonction de vos int\u00e9r\u00eats<\/p>\n\n\n\n<p>Dans le d\u00e9tail de la typographie, vous pouvez jouer avec les personnages pour d\u00e9terminer si la police convient \u00e0 votre style.<\/p>\n\n\n\n<p>Pour t\u00e9l\u00e9charger la police, cliquez sur \u00abs\u00e9lectionner la police\u00bb dans la partie sup\u00e9rieure droite.<\/p>\n\n\n\n<p>Dans la partie inf\u00e9rieure droite appara\u00eet une bo\u00eete avec les liens permettant d\u2019utiliser la police de caract\u00e8res sur votre site Web, mais pour le moment, nous n\u2019utilisons pas cette fonctionnalit\u00e9.<\/p>\n\n\n\n<p>Nous allons utiliser la \u00abpolice de t\u00e9l\u00e9chargement\u00bb, en cliquant sur la fl\u00e8che en haut \u00e0 droite de la bo\u00eete.<\/p>\n\n\n\n<p>Enregistrez maintenant le fichier zip sur votre ordinateur, puis d\u00e9compressez-le dans un dossier. Vous devez simplement installer la police maintenant, ce qui est tr\u00e8s facile. Selon votre syst\u00e8me d&#8217;exploitation, les instructions sont diff\u00e9rentes.<\/p>\n\n\n\n<p>Maintenant, vous pouvez t\u00e9l\u00e9charger, essayer et utiliser autant de polices que vous le souhaitez. Des combinaisons de polices de caract\u00e8res sont recommand\u00e9es, mais si vous n&#8217;\u00eates pas un concepteur expert, n&#8217;utilisez pas plus de 2 familles pour un CV: juste une pour les titres et une autre pour le texte. Voici quelques astuces pour combiner les polices.<\/p>\n\n\n\n<p>Enfin, nous vous recommandons d\u2019exporter le document Word avec votre CV dans un document PDF, car le recruteur pourra exp\u00e9rimenter le CV dans le m\u00eame format que vous le souhaitez sans avoir \u00e0 installer vos polices (ce qui a d&#8217;ailleurs \u00e9t\u00e9 gagn\u00e9 \u00bb t probablement jamais faire!). Pour ce faire, dans Word, allez dans Fichier puis Exporter.<\/p>\n\n\n\n<p>Dans l&#8217;\u00e9cran Exporter, choisissez l&#8217;option en surbrillance \u00abCr\u00e9er un document PDF \/ XPS\u00bb.<\/p>\n\n\n\n<p>Il y a un certain nombre d&#8217;options, mais pour votre cv, il suffit des valeurs par d\u00e9faut. Il suffit de s\u00e9lectionner le dossier, de nommer le fichier et de cliquer sur \u00abPublier\u00bb .Save as PDF<\/p>\n\n\n\n<p>Comme dernier conseil, nous vous recommandons que le nom du fichier contienne votre nom et votre pr\u00e9nom. De cette fa\u00e7on, les recruteurs pourront le trouver rapidement dans leur ordinateur.<\/p>\n","protected":false},"excerpt":{"rendered":"<p>Les mod\u00e8les que vous pouvez trouver sur ce site Web utilisent des polices qui ne sont g\u00e9n\u00e9ralement pas install\u00e9es sur tous les ordinateurs afin de rendre les curriculum vitae plus int\u00e9ressants visuellement. Dans chaque mise en page, vous trouverez le lien pour t\u00e9l\u00e9charger les typographies, afin que vous puissiez obtenir le m\u00eame design que celui [&hellip;]<\/p>\n","protected":false},"author":1,"featured_media":174,"parent":0,"menu_order":5,"comment_status":"closed","ping_status":"closed","template":"","meta":{"footnotes":""},"class_list":["post-101","page","type-page","status-publish","has-post-thumbnail","hentry"],"translation":{"provider":"WPGlobus","version":"3.0.0","language":"fr","enabled_languages":["en","es","fr","zh","de"],"languages":{"en":{"title":true,"content":true,"excerpt":false},"es":{"title":true,"content":true,"excerpt":false},"fr":{"title":true,"content":true,"excerpt":false},"zh":{"title":false,"content":false,"excerpt":false},"de":{"title":false,"content":false,"excerpt":false}}},"_links":{"self":[{"href":"https:\/\/ideascv.com\/fr\/wp-json\/wp\/v2\/pages\/101","targetHints":{"allow":["GET"]}}],"collection":[{"href":"https:\/\/ideascv.com\/fr\/wp-json\/wp\/v2\/pages"}],"about":[{"href":"https:\/\/ideascv.com\/fr\/wp-json\/wp\/v2\/types\/page"}],"author":[{"embeddable":true,"href":"https:\/\/ideascv.com\/fr\/wp-json\/wp\/v2\/users\/1"}],"replies":[{"embeddable":true,"href":"https:\/\/ideascv.com\/fr\/wp-json\/wp\/v2\/comments?post=101"}],"version-history":[{"count":29,"href":"https:\/\/ideascv.com\/fr\/wp-json\/wp\/v2\/pages\/101\/revisions"}],"predecessor-version":[{"id":890,"href":"https:\/\/ideascv.com\/fr\/wp-json\/wp\/v2\/pages\/101\/revisions\/890"}],"wp:featuredmedia":[{"embeddable":true,"href":"https:\/\/ideascv.com\/fr\/wp-json\/wp\/v2\/media\/174"}],"wp:attachment":[{"href":"https:\/\/ideascv.com\/fr\/wp-json\/wp\/v2\/media?parent=101"}],"curies":[{"name":"wp","href":"https:\/\/api.w.org\/{rel}","templated":true}]}}