{"id":411,"date":"2017-04-09T20:22:43","date_gmt":"2017-04-09T20:22:43","guid":{"rendered":"http:\/\/ideascv.com\/?page_id=411"},"modified":"2019-03-18T23:44:27","modified_gmt":"2019-03-18T23:44:27","slug":"storytelling-in-your-resume","status":"publish","type":"page","link":"https:\/\/ideascv.com\/es\/storytelling-in-your-resume\/","title":{"rendered":"Cuenta una historia en tu curr\u00edculo"},"content":{"rendered":"<p>No importa si est\u00e1s present\u00e1ndote a una <a href=\"http:\/\/ideascv.com\/es\/category\/entry-level\/\">posici\u00f3n incial <\/a>con poco m\u00e1s que un trabajo de verano a tus espaldas, o si quieres crecer de <a href=\"http:\/\/ideascv.com\/es\/category\/junior-positions\/\">junior <\/a>a <a href=\"http:\/\/ideascv.com\/es\/category\/senior-positions\/\">senior<\/a>, o incluso si quieres convertirte en el &#8220;<a href=\"http:\/\/ideascv.com\/es\/category\/managers\/\">gran jefe<\/a>&#8221; de una organizaci\u00f3n. Recuerda que tus conocimientos simplemente ser\u00e1n la l\u00ednea base para el puesto, y que la mayor\u00eda de los otros candidatos tienen las mismas cualidades que t\u00fa. Y los reclutadores reciben cientos de cv, por lo que tu historia tiene que destacar, no s\u00f3lo en dise\u00f1o y habilidades, sino tambi\u00e9n en la forma de contar tu historia. As\u00ed que te proponemos tratar tu curriculum como un &#8220;<a href=\"https:\/\/es.wikipedia.org\/wiki\/Monomito\">viaje del h\u00e9roe.<\/a>&#8220;.<\/p>\n<p><strong>En narrativa, muchas historias siguen el mismo patr\u00f3n com\u00fan: un h\u00e9roe se adentra en una aventura, y en una crisis decisiva, consigue una victoria, y vuelve a casa transformado.<\/strong><\/p>\n<p>Esto es lo que tu cv debe mostrar sobre ti. Cuenta tus retos pasados de tal modo que convenzas al reclutador de que eres el h\u00e9roe que est\u00e1n buscando para afrontar nuevos retos.<\/p>\n<p>Obviamente, no puedes escribir una novela en tu cv, debes mantenerlo lo m\u00e1s corto posible, pero intenta seguir este esquema cuando describas lo que has hecho en tus antiguos trabajos, voluntariados o proyectos personales, que te permitan describir el tipo de persona que eres.<\/p>\n<ol>\n<li><strong>La salida:<\/strong> Explica el reto y por qu\u00e9 decidiste afrontarlo.<\/li>\n<li><strong>La iniciaci\u00f3n:<\/strong> Qu\u00e9 dificultades encontraste en tu camino y c\u00f3mo las resolviste.<\/li>\n<li><strong>El regreso:<\/strong> Qu\u00e9 conseguiste y qu\u00e9 habilidades desarrollaste a partir de este viaje.<\/li>\n<\/ol>\n<p>A todos nos encantan las historias, pero ten cuidado al hacerlas demasiado espectaculares. Es importante destacar tus logros pero a nadie le gustan los fanfarrones, los mentirosos o los fraudes. S\u00e9 honesto cuando hayas fallado (todos fallamos en alg\u00fan momento de la vida), y los reclutadores aprecian cuando las personas son capaces de aprender de sus fallos. Los h\u00e9roes tambi\u00e9n tienen fracasos parciales a mitad de sus historias, pero finalmente se recuperan de sus heridas y consiguen los mejores resultados. Eso es lo que tu curr\u00edculum debe contar sobre t\u00ed.<\/p>\n<p><span class=\"peque\">[Composici\u00f3n de cabecera basada en dise\u00f1o de <a href=\"http:\/\/www.freepik.com\/free-vector\/super-mom-background-with-stars-in-flat-design_1085535.htm\">Freepik<\/a>]<\/span><\/p>\n<div id=\"link64_adl_tabid\" style=\"display: none;\" data-url=\"http:\/\/ideascv.com\/wp-admin\/post.php?post=411&#038;action=edit\">311<\/div>\n","protected":false},"excerpt":{"rendered":"<p>No importa si est\u00e1s present\u00e1ndote a una posici\u00f3n incial con poco m\u00e1s que un trabajo de verano a tus espaldas, o si quieres crecer de junior a senior, o incluso si quieres convertirte en el &#8220;gran jefe&#8221; de una organizaci\u00f3n. Recuerda que tus conocimientos simplemente ser\u00e1n la l\u00ednea base para el puesto, y que la [&hellip;]<\/p>\n","protected":false},"author":1,"featured_media":418,"parent":0,"menu_order":0,"comment_status":"closed","ping_status":"closed","template":"","meta":{"footnotes":""},"class_list":["post-411","page","type-page","status-publish","has-post-thumbnail","hentry"],"translation":{"provider":"WPGlobus","version":"3.0.0","language":"es","enabled_languages":["en","es","fr","zh","de"],"languages":{"en":{"title":true,"content":true,"excerpt":false},"es":{"title":true,"content":true,"excerpt":false},"fr":{"title":true,"content":true,"excerpt":false},"zh":{"title":false,"content":false,"excerpt":false},"de":{"title":false,"content":false,"excerpt":false}}},"_links":{"self":[{"href":"https:\/\/ideascv.com\/es\/wp-json\/wp\/v2\/pages\/411","targetHints":{"allow":["GET"]}}],"collection":[{"href":"https:\/\/ideascv.com\/es\/wp-json\/wp\/v2\/pages"}],"about":[{"href":"https:\/\/ideascv.com\/es\/wp-json\/wp\/v2\/types\/page"}],"author":[{"embeddable":true,"href":"https:\/\/ideascv.com\/es\/wp-json\/wp\/v2\/users\/1"}],"replies":[{"embeddable":true,"href":"https:\/\/ideascv.com\/es\/wp-json\/wp\/v2\/comments?post=411"}],"version-history":[{"count":10,"href":"https:\/\/ideascv.com\/es\/wp-json\/wp\/v2\/pages\/411\/revisions"}],"predecessor-version":[{"id":884,"href":"https:\/\/ideascv.com\/es\/wp-json\/wp\/v2\/pages\/411\/revisions\/884"}],"wp:featuredmedia":[{"embeddable":true,"href":"https:\/\/ideascv.com\/es\/wp-json\/wp\/v2\/media\/418"}],"wp:attachment":[{"href":"https:\/\/ideascv.com\/es\/wp-json\/wp\/v2\/media?parent=411"}],"curies":[{"name":"wp","href":"https:\/\/api.w.org\/{rel}","templated":true}]}}