{"id":101,"date":"2017-03-25T16:54:05","date_gmt":"2017-03-25T16:54:05","guid":{"rendered":"http:\/\/cv-templates.itakora.com\/?page_id=101"},"modified":"2019-03-18T23:56:18","modified_gmt":"2019-03-18T23:56:18","slug":"use-a-fancy-font-in-your-cv-to-stand-out","status":"publish","type":"page","link":"https:\/\/ideascv.com\/es\/use-a-fancy-font-in-your-cv-to-stand-out\/","title":{"rendered":"Usa fuentes tipogr\u00e1ficas para destacar el dise\u00f1o de tu curr\u00edculo"},"content":{"rendered":"<p>Las plantillas de este sitio web utilizan fuentes que no suelen estar instaladas en todos los ordenadores para hacer los curr\u00edculum m\u00e1s interesantes visualmente. En la p\u00e1gina de cada plantilla encontrar\u00e1s el enlace para que descargues las tipograf\u00edas y puedas conseguir el mismo aspecto que se propone en el modelo. Si quieres utilizar otra fuente, no dudes en probar tantas como quieras, pero siempre teniendo en mente que el resultado debe ser legible y de aspecto profesional<\/p>\n<p>Para inspirarse, recomendamos <a href=\"https:\/\/fonts.google.com\/\" target=\"_blank\" rel=\"noopener noreferrer\">Google Fonts<\/a>, un sitio que recopila tipograf\u00edas de calidad que puedes usar en tus proyectos libremente, aunque hay innumerables colecciones por todo internet. En la p\u00e1gina de inicio puedes filtrar las familias mostradas, dependiendo de tus intereses.<\/p>\n<p><img loading=\"lazy\" decoding=\"async\" class=\"aligncenter wp-image-335 size-large\" src=\"http:\/\/ideascv.com\/wp-content\/uploads\/2017\/03\/portada-1024x487.png\" alt=\"P\u00e1gina de Inicio de Google Fonts\" width=\"900\" height=\"428\" srcset=\"https:\/\/ideascv.com\/wp-content\/uploads\/2017\/03\/portada-1024x487.png 1024w, https:\/\/ideascv.com\/wp-content\/uploads\/2017\/03\/portada-300x143.png 300w, https:\/\/ideascv.com\/wp-content\/uploads\/2017\/03\/portada-768x365.png 768w, https:\/\/ideascv.com\/wp-content\/uploads\/2017\/03\/portada-1200x571.png 1200w, https:\/\/ideascv.com\/wp-content\/uploads\/2017\/03\/portada-400x190.png 400w, https:\/\/ideascv.com\/wp-content\/uploads\/2017\/03\/portada.png 1349w\" sizes=\"auto, (max-width: 900px) 100vw, 900px\" \/><\/p>\n<p>En la p\u00e1gina de cada tipograf\u00eda puedes jugar con los caracteres para ver si la fuente se adapta al estilo que buscas.<\/p>\n<p><img loading=\"lazy\" decoding=\"async\" class=\"aligncenter wp-image-338 size-full\" src=\"http:\/\/ideascv.com\/wp-content\/uploads\/2017\/03\/fuente.png\" alt=\"Detalle e tripograf\u00eda\" width=\"801\" height=\"620\" srcset=\"https:\/\/ideascv.com\/wp-content\/uploads\/2017\/03\/fuente.png 801w, https:\/\/ideascv.com\/wp-content\/uploads\/2017\/03\/fuente-300x232.png 300w, https:\/\/ideascv.com\/wp-content\/uploads\/2017\/03\/fuente-768x594.png 768w, https:\/\/ideascv.com\/wp-content\/uploads\/2017\/03\/fuente-400x310.png 400w\" sizes=\"auto, (max-width: 801px) 100vw, 801px\" \/><\/p>\n<p>Para descargar la fuente, haz click en el enlace de la parte superior derecha &#8220;SELECT THIS FONT&#8221;.<\/p>\n<p><img loading=\"lazy\" decoding=\"async\" class=\"aligncenter wp-image-339 size-full\" src=\"http:\/\/ideascv.com\/wp-content\/uploads\/2017\/03\/select-font.png\" alt=\"Enlace a SELECT THIS FONT\" width=\"801\" height=\"228\" srcset=\"https:\/\/ideascv.com\/wp-content\/uploads\/2017\/03\/select-font.png 801w, https:\/\/ideascv.com\/wp-content\/uploads\/2017\/03\/select-font-300x85.png 300w, https:\/\/ideascv.com\/wp-content\/uploads\/2017\/03\/select-font-768x219.png 768w, https:\/\/ideascv.com\/wp-content\/uploads\/2017\/03\/select-font-400x114.png 400w\" sizes=\"auto, (max-width: 801px) 100vw, 801px\" \/><\/p>\n<p>En la parte inferior derecha aparecer\u00e1 una caja con los enlaces para que puedas usar la fuente en un sitio web, pero de momento no usaremos esta funcionalidad.<\/p>\n<p><img loading=\"lazy\" decoding=\"async\" class=\"aligncenter wp-image-340 size-full\" src=\"http:\/\/ideascv.com\/wp-content\/uploads\/2017\/03\/market.png\" alt=\"Fuente seleccionada\" width=\"376\" height=\"355\" srcset=\"https:\/\/ideascv.com\/wp-content\/uploads\/2017\/03\/market.png 376w, https:\/\/ideascv.com\/wp-content\/uploads\/2017\/03\/market-300x283.png 300w\" sizes=\"auto, (max-width: 376px) 100vw, 376px\" \/><\/p>\n<p>Usaremos la funcionalidad de &#8220;Download Font&#8221; o &#8220;Descargar Fuente&#8221;, clicando en la flecha de la parte superior derecha de la caja de Familia seleccionada.<\/p>\n<p><img loading=\"lazy\" decoding=\"async\" class=\"aligncenter size-full wp-image-341\" src=\"http:\/\/ideascv.com\/wp-content\/uploads\/2017\/03\/market-download.png\" alt=\"Download Arrow\" width=\"376\" height=\"355\" srcset=\"https:\/\/ideascv.com\/wp-content\/uploads\/2017\/03\/market-download.png 376w, https:\/\/ideascv.com\/wp-content\/uploads\/2017\/03\/market-download-300x283.png 300w\" sizes=\"auto, (max-width: 376px) 100vw, 376px\" \/><\/p>\n<p>Simplemente guarda el archivo comprimido en zip en tu ordenador, y descompr\u00edmelo en una carpeta. Ya s\u00f3lo te queda instalarlo, lo que es es muy sencillo. Dependiendo del sistema operativo que tengas, tendr\u00e1s que seguir unas instrucciones diferentes.<\/p>\n<ul>\n<li><a href=\"http:\/\/es.wikihow.com\/instalar-fuentes-en-tu-PC\" target=\"_blank\" rel=\"noopener noreferrer\">Instalar fuentes nuevas en Windows<\/a><\/li>\n<li><a href=\"https:\/\/tecnologia.uncomo.com\/articulo\/como-instalar-tipografias-en-mac-23797.html\" target=\"_blank\" rel=\"noopener noreferrer\">Instalar fuentes nuevas en Mac<\/a><\/li>\n<li><a href=\"http:\/\/www.ubuntu-guia.com\/2010\/06\/instalar-fuentes-o-tipografias-en.html\" target=\"_blank\" rel=\"noopener noreferrer\">Instalar fuentes nuevas en Ubuntu Linux<\/a> (otras distribuciones de Linux tienen procedimientos parecidos)<\/li>\n<\/ul>\n<p>Ahora ya puedes descargar y probar tantas fuentes como quieras. Puedes combinar varios tipos de letra, pero si no eres un dise\u00f1ador experto, no uses m\u00e1s de dos familias para un curr\u00edculo: una para los encabezados y otra para los textos. Aqu\u00ed tienes algunos consejos para <a href=\"https:\/\/webdesign.tutsplus.com\/es\/articles\/a-beginners-guide-to-pairing-fonts--webdesign-5706\" target=\"_blank\" rel=\"noopener noreferrer\">combinar fuentes con estilo<\/a>.<\/p>\n<p>Para finalizar, recomendamos exportar el documento Word con tu curr\u00edculo a un focumento en formato PDF, para que el reclutador pueda ver tu cv en el mismo formato que t\u00fa sin necesidad de instalar fuentes (\u00a1que nunca lo har\u00e1!). Para ello, en Word, ve a Archivo, y luego Exportar.<\/p>\n<p><img loading=\"lazy\" decoding=\"async\" class=\"aligncenter wp-image-345 size-full\" src=\"http:\/\/ideascv.com\/wp-content\/uploads\/2017\/03\/exportar.png\" alt=\"Export in Word\" width=\"700\" height=\"374\" srcset=\"https:\/\/ideascv.com\/wp-content\/uploads\/2017\/03\/exportar.png 700w, https:\/\/ideascv.com\/wp-content\/uploads\/2017\/03\/exportar-300x160.png 300w, https:\/\/ideascv.com\/wp-content\/uploads\/2017\/03\/exportar-400x214.png 400w\" sizes=\"auto, (max-width: 700px) 100vw, 700px\" \/><\/p>\n<p>En la pantalla de Exportar elige la opci\u00f3n destacada &#8220;Crear un documento PDF\/XPS &#8220;.<\/p>\n<p><img loading=\"lazy\" decoding=\"async\" class=\"aligncenter size-full wp-image-346\" src=\"http:\/\/ideascv.com\/wp-content\/uploads\/2017\/03\/exportar-detalle.png\" alt=\"\" width=\"700\" height=\"372\" srcset=\"https:\/\/ideascv.com\/wp-content\/uploads\/2017\/03\/exportar-detalle.png 700w, https:\/\/ideascv.com\/wp-content\/uploads\/2017\/03\/exportar-detalle-300x159.png 300w, https:\/\/ideascv.com\/wp-content\/uploads\/2017\/03\/exportar-detalle-400x213.png 400w\" sizes=\"auto, (max-width: 700px) 100vw, 700px\" \/><\/p>\n<p>Hay una serie de opciones, pero para tu cv, es suficiente con dejar las opciones predeterminadas.\u00a0 Selecciona la carpeta, ponle un nombre, y pulsa &#8220;Publicar&#8221;.<\/p>\n<p><img loading=\"lazy\" decoding=\"async\" class=\"aligncenter size-full wp-image-347\" src=\"http:\/\/ideascv.com\/wp-content\/uploads\/2017\/03\/guardar.png\" alt=\"Guardar como PDF\" width=\"400\" height=\"347\" srcset=\"https:\/\/ideascv.com\/wp-content\/uploads\/2017\/03\/guardar.png 400w, https:\/\/ideascv.com\/wp-content\/uploads\/2017\/03\/guardar-300x260.png 300w\" sizes=\"auto, (max-width: 400px) 100vw, 400px\" \/><\/p>\n<p>Como consejo final, te recomendamos que el nombre de archivo sea tu nombre y apellidos. As\u00ed el reclutador podr\u00e1 encontrarlo r\u00e1pidamente en su ordenador.<\/p>\n<p>&nbsp;<\/p>\n<p><span class=\"peque\">[Imagen de cabecera a partir de material de <a href=\"http:\/\/www.freepik.com\/\" target=\"_blank\" rel=\"noopener noreferrer\">Freepik<\/a>]<\/span><\/p>\n<div id=\"link64_adl_tabid\" style=\"display: none;\" data-url=\"http:\/\/ideascv.com\/wp-admin\/post.php?post=101&#038;action=edit\">288<\/div>\n","protected":false},"excerpt":{"rendered":"<p>Las plantillas de este sitio web utilizan fuentes que no suelen estar instaladas en todos los ordenadores para hacer los curr\u00edculum m\u00e1s interesantes visualmente. En la p\u00e1gina de cada plantilla encontrar\u00e1s el enlace para que descargues las tipograf\u00edas y puedas conseguir el mismo aspecto que se propone en el modelo. Si quieres utilizar otra fuente, [&hellip;]<\/p>\n","protected":false},"author":1,"featured_media":174,"parent":0,"menu_order":5,"comment_status":"closed","ping_status":"closed","template":"","meta":{"footnotes":""},"class_list":["post-101","page","type-page","status-publish","has-post-thumbnail","hentry"],"translation":{"provider":"WPGlobus","version":"3.0.0","language":"es","enabled_languages":["en","es","fr","zh","de"],"languages":{"en":{"title":true,"content":true,"excerpt":false},"es":{"title":true,"content":true,"excerpt":false},"fr":{"title":true,"content":true,"excerpt":false},"zh":{"title":false,"content":false,"excerpt":false},"de":{"title":false,"content":false,"excerpt":false}}},"_links":{"self":[{"href":"https:\/\/ideascv.com\/es\/wp-json\/wp\/v2\/pages\/101","targetHints":{"allow":["GET"]}}],"collection":[{"href":"https:\/\/ideascv.com\/es\/wp-json\/wp\/v2\/pages"}],"about":[{"href":"https:\/\/ideascv.com\/es\/wp-json\/wp\/v2\/types\/page"}],"author":[{"embeddable":true,"href":"https:\/\/ideascv.com\/es\/wp-json\/wp\/v2\/users\/1"}],"replies":[{"embeddable":true,"href":"https:\/\/ideascv.com\/es\/wp-json\/wp\/v2\/comments?post=101"}],"version-history":[{"count":29,"href":"https:\/\/ideascv.com\/es\/wp-json\/wp\/v2\/pages\/101\/revisions"}],"predecessor-version":[{"id":890,"href":"https:\/\/ideascv.com\/es\/wp-json\/wp\/v2\/pages\/101\/revisions\/890"}],"wp:featuredmedia":[{"embeddable":true,"href":"https:\/\/ideascv.com\/es\/wp-json\/wp\/v2\/media\/174"}],"wp:attachment":[{"href":"https:\/\/ideascv.com\/es\/wp-json\/wp\/v2\/media?parent=101"}],"curies":[{"name":"wp","href":"https:\/\/api.w.org\/{rel}","templated":true}]}}